{"id":3638,"date":"2021-06-01T07:48:03","date_gmt":"2021-06-01T06:48:03","guid":{"rendered":"http:\/\/ppp.com.vn\/en\/?page_id=3638"},"modified":"2021-06-01T07:48:03","modified_gmt":"2021-06-01T06:48:03","slug":"warranty-policy","status":"publish","type":"page","link":"https:\/\/ppp.com.vn\/en\/warranty-policy\/","title":{"rendered":"Warranty Policy"},"content":{"rendered":"<h1 class=\"text-black fs36 lh48 mb40\">Ch\u00ednh S\u00e1ch B\u1ea3o H\u00e0nh<\/h1>\n<div class=\"page-wrapper\">\n<p><strong>I. \u0110I\u1ec0U KI\u1ec6N B\u1ea2O H\u00c0NH<\/strong><\/p>\n<p>1.1 S\u1ea3n ph\u1ea9m \u0111\u01b0\u1ee3c b\u1ea3o h\u00e0nh mi\u1ec5n ph\u00ed n\u1ebfu \u0111\u1ea3m b\u1ea3o t\u1ea5t c\u1ea3 c\u00e1c \u0111i\u1ec1u ki\u1ec7n sau:<\/p>\n<p>\u2013 S\u1ea3n ph\u1ea9m thu\u1ed9c danh m\u1ee5c \u0111\u01b0\u1ee3c b\u1ea3o h\u00e0nh t\u1eeb Nh\u00e0 s\u1ea3n xu\u1ea5t ho\u1eb7c Nh\u00e0 ph\u00e2n ph\u1ed1i.<\/p>\n<p>\u2013 S\u1ea3n ph\u1ea9m b\u1ecb l\u1ed7i k\u1ef9 thu\u1eadt do Nh\u00e0 s\u1ea3n xu\u1ea5t.<\/p>\n<p>\u2013 Th\u1eddi h\u1ea1n b\u1ea3o h\u00e0nh tr\u00ean phi\u1ebfu b\u1ea3o h\u00e0nh v\u1eabn c\u00f2n hi\u1ec7u l\u1ef1c.<\/p>\n<p>\u2013 Phi\u1ebfu b\u1ea3o h\u00e0nh c\u00f2n nguy\u00ean v\u1eb9n, kh\u00f4ng ch\u1eafp v\u00e1, kh\u00f4ng b\u1ecb g\u1ea1ch x\u00f3a hay s\u1eeda ch\u1eefa, b\u00f4i b\u1ea9n.<\/p>\n<p>\u2013 Phi\u1ebfu b\u1ea3o h\u00e0nh \u0111\u1ea7y \u0111\u1ee7 th\u00f4ng tin: m\u00e3 s\u1ea3n ph\u1ea9m, s\u1ed1 seri, ng\u00e0y s\u1ea3n xu\u1ea5t, t\u00ean kh\u00e1ch h\u00e0ng s\u1eed d\u1ee5ng, \u0111\u1ecba ch\u1ec9, ng\u00e0y mua (\u0111\u1ed1i v\u1edbi c\u00e1c s\u1ea3n ph\u1ea9m kh\u00f4ng \u00e1p d\u1ee5ng B\u1ea3o h\u00e0nh \u0111i\u1ec7n t\u1eed).<\/p>\n<p>\u2013 Tem b\u1ea3o h\u00e0nh v\u00e0 tem ni\u00eam phong (n\u1ebfu c\u00f3) c\u1ee7a Nh\u00e0 s\u1ea3n xu\u1ea5t tr\u00ean s\u1ea3n ph\u1ea9m c\u00f2n nguy\u00ean v\u1eb9n.<\/p>\n<p>1.2 S\u1ea3n ph\u1ea9m kh\u00f4ng \u0111\u01b0\u1ee3c b\u1ea3o h\u00e0nh ho\u1eb7c s\u1ebd ph\u00e1t sinh ph\u00ed b\u1ea3o h\u00e0nh n\u1ebfu r\u01a1i v\u00e0o m\u1ed9t trong c\u00e1c tr\u01b0\u1eddng h\u1ee3p sau:<\/p>\n<p>\u2013 S\u1ea3n ph\u1ea9m kh\u00f4ng thu\u1ed9c danh m\u1ee5c \u0111\u01b0\u1ee3c b\u1ea3o h\u00e0nh t\u1eeb Nh\u00e0 s\u1ea3n xu\u1ea5t ho\u1eb7c nh\u00e0 ph\u00e2n ph\u1ed1i.<\/p>\n<p>\u2013 S\u1ea3n ph\u1ea9m kh\u00f4ng th\u1ecfa m\u00e3n m\u1ed9t trong nh\u1eefng \u0111i\u1ec1u ki\u1ec7n b\u1ea3o h\u00e0nh \u1edf m\u1ee5c I.<\/p>\n<p>\u2013 S\u1ed1 series, model s\u1ea3n ph\u1ea9m kh\u00f4ng kh\u1edbp v\u1edbi Phi\u1ebfu b\u1ea3o h\u00e0nh.<\/p>\n<p>\u2013 Kh\u00e1ch h\u00e0ng t\u1ef1 \u00fd can thi\u1ec7p s\u1eeda ch\u1eefa s\u1ea3n ph\u1ea9m ho\u1eb7c s\u1eeda ch\u1eefa t\u1ea1i nh\u1eefng trung t\u00e2m b\u1ea3o h\u00e0nh kh\u00f4ng \u0111\u01b0\u1ee3c s\u1ef1 \u1ee7y nhi\u1ec7m c\u1ee7a Nh\u00e0 s\u1ea3n xu\u1ea5t.<\/p>\n<p>\u2013 S\u1ea3n ph\u1ea9m b\u1ecb h\u01b0 h\u1ecfng do l\u1ed7i ng\u01b0\u1eddi s\u1eed d\u1ee5ng v\u00e0 l\u1ed7i h\u01b0 h\u1ecfng kh\u00f4ng n\u1eb1m trong ph\u1ea1m vi b\u1ea3o h\u00e0nh c\u1ee7a Nh\u00e0 s\u1ea3n xu\u1ea5t.<\/p>\n<p>\u2013 V\u1edbi tr\u01b0\u1eddng h\u1ee3p ph\u00e1t sinh ph\u00ed b\u1ea3o h\u00e0nh, nh\u00e2n vi\u00ean ch\u0103m s\u00f3c kh\u00e1ch h\u00e0ng c\u1ee7a PPP LASER CLINIC s\u1ebd t\u01b0 v\u1ea5n \u0111\u1ea7y \u0111\u1ee7 th\u00f4ng tin cho kh\u00e1ch h\u00e0ng tr\u01b0\u1edbc khi ti\u1ebfn h\u00e0nh c\u00e1c th\u1ee7 t\u1ee5c b\u1ea3o h\u00e0nh.<\/p>\n<p>1.3 Th\u1eddi h\u1ea1n b\u1ea3o h\u00e0nh<\/p>\n<p>Th\u1eddi h\u1ea1n b\u1ea3o h\u00e0nh \u0111\u01b0\u1ee3c t\u00ednh k\u1ec3 t\u1eeb ng\u00e0y mua h\u00e0ng ho\u1eb7c k\u1ec3 t\u1eeb ng\u00e0y s\u1ea3n xu\u1ea5t t\u00f9y thu\u1ed9c t\u1eebng lo\u1ea1i s\u1ea3n ph\u1ea9m \u0111\u01b0\u1ee3c quy \u0111\u1ecbnh r\u00f5 tr\u00ean phi\u1ebfu b\u1ea3o h\u00e0nh.<\/p>\n<p>\u0110\u1ed1i v\u1edbi s\u1ea3n ph\u1ea9m b\u1ea3o h\u00e0nh \u0111i\u1ec7n t\u1eed, th\u1eddi h\u1ea1n b\u1ea3o h\u00e0nh \u0111\u01b0\u1ee3c t\u00ednh t\u1eeb th\u1eddi \u0111i\u1ec3m k\u00edch ho\u1ea1t b\u1ea3o h\u00e0nh \u0111i\u1ec7n t\u1eed.<\/p>\n<p><strong>II. PH\u01af\u01a0NG TH\u1ee8C \u00c1P D\u1ee4NG B\u1ea2O H\u00c0NH<\/strong><\/p>\n<p>2.1. \u0110\u1ecba \u0111i\u1ec3m b\u1ea3o h\u00e0nh<\/p>\n<p>\u2013 \u0110\u1ecba \u0111i\u1ec3m b\u1ea3o h\u00e0nh \u0111\u01b0\u1ee3c ghi trong phi\u1ebfu b\u1ea3o h\u00e0nh k\u00e8m theo s\u1ea3n ph\u1ea9m. Qu\u00fd kh\u00e1ch vui l\u00f2ng li\u00ean h\u1ec7 tr\u1ef1c ti\u1ebfp v\u1edbi Trung t\u00e2m B\u1ea3o h\u00e0nh c\u1ee7a Nh\u00e0 cung c\u1ea5p\/Nh\u00e0 Ph\u00e2n ph\u1ed1i theo th\u00f4ng tin trong phi\u1ebfu b\u1ea3o h\u00e0nh.<\/p>\n<p>\u2013 B\u1ed9 ph\u1eadn h\u1ed7 tr\u1ee3 ch\u0103m s\u00f3c kh\u00e1ch h\u00e0ng PPP LASER CLINIC s\u1ebd h\u1ed7 tr\u1ee3 h\u01b0\u1edbng d\u1eabn Qu\u00fd kh\u00e1ch h\u00e0ng ph\u01b0\u01a1ng th\u1ee9c \u0111\u1ebfn c\u00e1c trung t\u00e2m b\u1ea3o h\u00e0nh b\u00ean ngo\u00e0i c\u1ee7a Nh\u00e0 s\u1ea3n xu\u1ea5t, Nh\u00e0 ph\u00e2n ph\u1ed1i tham gia v\u00e0o h\u1ec7 th\u1ed1ng b\u1ea3o h\u00e0nh s\u1ea3n ph\u1ea9m d\u1ecbch v\u1ee5 PPP LASER CLINIC. M\u1ecdi th\u00f4ng tin c\u1ee7a Nh\u00e0 cung c\u1ea5p th\u00e0nh vi\u00ean \u0111\u01b0\u1ee3c ghi tr\u00ean phi\u1ebfu bi\u00ean nh\u1eadn giao h\u00e0ng\/h\u00f3a \u0111\u01a1n \u0111\u01b0\u1ee3c \u0111\u00ednh k\u00e8m trong th\u00f9ng h\u00e0ng.<\/p>\n<p>\u2013 N\u1ebfu Qu\u00fd kh\u00e1ch g\u1eb7p kh\u00f3 kh\u0103n trong vi\u1ec7c li\u00ean h\u1ec7 Trung t\u00e2m B\u1ea3o h\u00e0nh, qu\u00fd kh\u00e1ch vui l\u00f2ng li\u00ean h\u1ec7 v\u1edbi b\u1ed9 ph\u1eadn Ch\u0103m s\u00f3c kh\u00e1ch h\u00e0ng c\u1ee7a PPP LASER CLINIC theo \u0111\u1ecba ch\u1ec9 mail info@ppp.com.vn ho\u1eb7c s\u1ed1 hotline 093.934.8888 \u0111\u1ec3 \u0111\u01b0\u1ee3c h\u1ed7 tr\u1ee3.<\/p>\n<p>2.2. Th\u1eddi gian th\u1ef1c hi\u1ec7n b\u1ea3o h\u00e0nh<\/p>\n<p>Trong m\u1ecdi tr\u01b0\u1eddng h\u1ee3p, th\u1eddi gian th\u1ef1c hi\u1ec7n b\u1ea3o h\u00e0nh s\u1ea3n ph\u1ea9m ph\u1ee5 thu\u1ed9c v\u00e0o ch\u00ednh s\u00e1ch v\u00e0\/ho\u1eb7c m\u1ee9c \u0111\u1ed9 s\u1eb5n c\u00f3 c\u1ee7a thi\u1ebft b\u1ecb\/s\u1ea3n ph\u1ea9m thay th\u1ebf c\u1ee7a Trung T\u00e2m B\u1ea3o H\u00e0nh v\u00e0 s\u1ebd \u0111\u01b0\u1ee3c th\u00f4ng b\u00e1o c\u1ee5 th\u1ec3 cho Qu\u00fd kh\u00e1ch v\u00e0o th\u1eddi \u0111i\u1ec3m Trung T\u00e2m B\u1ea3o H\u00e0nh nh\u1eadn s\u1ea3n ph\u1ea9m \u0111\u1ec3 b\u1ea3o h\u00e0nh trong tr\u01b0\u1eddng h\u1ee3p qu\u00fd kh\u00e1ch t\u1ef1 \u0111em s\u1ea3n ph\u1ea9m \u0111\u1ebfn Trung T\u00e2m B\u1ea3o H\u00e0nh; ho\u1eb7c ngay khi PPP LASER CLINIC nh\u1eadn \u0111\u01b0\u1ee3c th\u00f4ng b\u00e1o v\u1ec1 th\u1eddi gian b\u1ea3o h\u00e0nh trong tr\u01b0\u1eddng h\u1ee3p qu\u00fd kh\u00e1ch th\u1ef1c hi\u1ec7n b\u1ea3o h\u00e0nh s\u1ea3n ph\u1ea9m qua PPP LASER CLINIC.<\/p>\n<p>Trong m\u1ecdi tr\u01b0\u1eddng h\u1ee3p, PPP LASER CLINIC kh\u00f4ng ch\u1ecbu tr\u00e1ch nhi\u1ec7m v\u1ec1 b\u1ea5t k\u1ef3 thi\u1ec7t h\u1ea1i, m\u1ea5t m\u00e1t n\u00e0o x\u1ea3y ra n\u1ebfu Qu\u00fd kh\u00e1ch kh\u00f4ng th\u1ef1c hi\u1ec7n theo h\u01b0\u1edbng d\u1eabn t\u1ea1i Ch\u00ednh s\u00e1ch b\u1ea3o h\u00e0nh n\u00e0y.<\/p>\n<\/div>\n","protected":false},"excerpt":{"rendered":"<p>Ch\u00ednh S\u00e1ch B\u1ea3o H\u00e0nh I. \u0110I\u1ec0U KI\u1ec6N B\u1ea2O H\u00c0NH 1.1 S\u1ea3n ph\u1ea9m \u0111\u01b0\u1ee3c b\u1ea3o h\u00e0nh mi\u1ec5n ph\u00ed n\u1ebfu \u0111\u1ea3m b\u1ea3o t\u1ea5t c\u1ea3 c\u00e1c \u0111i\u1ec1u ki\u1ec7n sau: \u2013 S\u1ea3n ph\u1ea9m thu\u1ed9c danh m\u1ee5c \u0111\u01b0\u1ee3c b\u1ea3o h\u00e0nh t\u1eeb Nh\u00e0 s\u1ea3n xu\u1ea5t ho\u1eb7c Nh\u00e0 ph\u00e2n ph\u1ed1i. \u2013 S\u1ea3n ph\u1ea9m b\u1ecb l\u1ed7i k\u1ef9 thu\u1eadt do Nh\u00e0 s\u1ea3n xu\u1ea5t. \u2013 [&#8230;]<\/p>\n<p><a class=\"btn btn-secondary understrap-read-more-link\" href=\"https:\/\/ppp.com.vn\/en\/warranty-policy\/\">Read More&#8230;<\/a><\/p>\n","protected":false},"author":3,"featured_media":0,"parent":0,"menu_order":6,"comment_status":"closed","ping_status":"closed","template":"page-templates\/fullwidthpage.php","meta":{"footnotes":""},"class_list":["post-3638","page","type-page","status-publish","hentry"],"yoast_head":"<!-- This site is optimized with the Yoast SEO plugin v26.8 - https:\/\/yoast.com\/product\/yoast-seo-wordpress\/ -->\n<title>Warranty Policy | PPP Laser Clinic<\/title>\n<meta name=\"robots\" content=\"index, follow, max-snippet:-1, max-image-preview:large, max-video-preview:-1\" \/>\n<link rel=\"canonical\" href=\"https:\/\/ppp.com.vn\/en\/warranty-policy\/\" \/>\n<meta property=\"og:locale\" content=\"en_GB\" \/>\n<meta property=\"og:type\" content=\"article\" \/>\n<meta property=\"og:title\" content=\"Warranty Policy | PPP Laser Clinic\" \/>\n<meta property=\"og:description\" content=\"Ch\u00ednh S\u00e1ch B\u1ea3o H\u00e0nh I. \u0110I\u1ec0U KI\u1ec6N B\u1ea2O H\u00c0NH 1.1 S\u1ea3n ph\u1ea9m \u0111\u01b0\u1ee3c b\u1ea3o h\u00e0nh mi\u1ec5n ph\u00ed n\u1ebfu \u0111\u1ea3m b\u1ea3o t\u1ea5t c\u1ea3 c\u00e1c \u0111i\u1ec1u ki\u1ec7n sau: \u2013 S\u1ea3n ph\u1ea9m thu\u1ed9c danh m\u1ee5c \u0111\u01b0\u1ee3c b\u1ea3o h\u00e0nh t\u1eeb Nh\u00e0 s\u1ea3n xu\u1ea5t ho\u1eb7c Nh\u00e0 ph\u00e2n ph\u1ed1i. \u2013 S\u1ea3n ph\u1ea9m b\u1ecb l\u1ed7i k\u1ef9 thu\u1eadt do Nh\u00e0 s\u1ea3n xu\u1ea5t. \u2013 [...]Read More...\" \/>\n<meta property=\"og:url\" content=\"https:\/\/ppp.com.vn\/en\/warranty-policy\/\" \/>\n<meta property=\"og:site_name\" content=\"PPP Laser Clinic\" \/>\n<meta property=\"article:publisher\" content=\"https:\/\/www.facebook.com\/ppp.com.vn\" \/>\n<meta name=\"twitter:card\" content=\"summary_large_image\" \/>\n<meta name=\"twitter:site\" content=\"@PPPLaserClinic\" \/>\n<meta name=\"twitter:label1\" content=\"Estimated reading time\" \/>\n\t<meta name=\"twitter:data1\" content=\"3 minutes\" \/>\n<script type=\"application\/ld+json\" class=\"yoast-schema-graph\">{\"@context\":\"https:\/\/schema.org\",\"@graph\":[{\"@type\":\"WebPage\",\"@id\":\"https:\/\/ppp.com.vn\/en\/warranty-policy\/\",\"url\":\"https:\/\/ppp.com.vn\/en\/warranty-policy\/\",\"name\":\"Warranty Policy | PPP Laser Clinic\",\"isPartOf\":{\"@id\":\"https:\/\/ppp.com.vn\/en\/#website\"},\"datePublished\":\"2021-06-01T06:48:03+00:00\",\"inLanguage\":\"en-GB\",\"potentialAction\":[{\"@type\":\"ReadAction\",\"target\":[\"https:\/\/ppp.com.vn\/en\/warranty-policy\/\"]}]},{\"@type\":\"WebSite\",\"@id\":\"https:\/\/ppp.com.vn\/en\/#website\",\"url\":\"https:\/\/ppp.com.vn\/en\/\",\"name\":\"PPP Laser Clinic\",\"description\":\"PPP Laser Clinic\",\"publisher\":{\"@id\":\"https:\/\/ppp.com.vn\/en\/#organization\"},\"potentialAction\":[{\"@type\":\"SearchAction\",\"target\":{\"@type\":\"EntryPoint\",\"urlTemplate\":\"https:\/\/ppp.com.vn\/en\/?s={search_term_string}\"},\"query-input\":{\"@type\":\"PropertyValueSpecification\",\"valueRequired\":true,\"valueName\":\"search_term_string\"}}],\"inLanguage\":\"en-GB\"},{\"@type\":\"Organization\",\"@id\":\"https:\/\/ppp.com.vn\/en\/#organization\",\"name\":\"PPP Laser Clinic\",\"url\":\"https:\/\/ppp.com.vn\/en\/\",\"logo\":{\"@type\":\"ImageObject\",\"inLanguage\":\"en-GB\",\"@id\":\"https:\/\/ppp.com.vn\/en\/#\/schema\/logo\/image\/\",\"url\":\"https:\/\/ppp.com.vn\/en\/wp-content\/uploads\/2020\/10\/ppp-logo.png\",\"contentUrl\":\"https:\/\/ppp.com.vn\/en\/wp-content\/uploads\/2020\/10\/ppp-logo.png\",\"width\":80,\"height\":80,\"caption\":\"PPP Laser Clinic\"},\"image\":{\"@id\":\"https:\/\/ppp.com.vn\/en\/#\/schema\/logo\/image\/\"},\"sameAs\":[\"https:\/\/www.facebook.com\/ppp.com.vn\",\"https:\/\/x.com\/PPPLaserClinic\",\"https:\/\/www.instagram.com\/ppp_laser_clinic\/\"]}]}<\/script>\n<!-- \/ Yoast SEO plugin. -->","yoast_head_json":{"title":"Warranty Policy | PPP Laser Clinic","robots":{"index":"index","follow":"follow","max-snippet":"max-snippet:-1","max-image-preview":"max-image-preview:large","max-video-preview":"max-video-preview:-1"},"canonical":"https:\/\/ppp.com.vn\/en\/warranty-policy\/","og_locale":"en_GB","og_type":"article","og_title":"Warranty Policy | PPP Laser Clinic","og_description":"Ch\u00ednh S\u00e1ch B\u1ea3o H\u00e0nh I. \u0110I\u1ec0U KI\u1ec6N B\u1ea2O H\u00c0NH 1.1 S\u1ea3n ph\u1ea9m \u0111\u01b0\u1ee3c b\u1ea3o h\u00e0nh mi\u1ec5n ph\u00ed n\u1ebfu \u0111\u1ea3m b\u1ea3o t\u1ea5t c\u1ea3 c\u00e1c \u0111i\u1ec1u ki\u1ec7n sau: \u2013 S\u1ea3n ph\u1ea9m thu\u1ed9c danh m\u1ee5c \u0111\u01b0\u1ee3c b\u1ea3o h\u00e0nh t\u1eeb Nh\u00e0 s\u1ea3n xu\u1ea5t ho\u1eb7c Nh\u00e0 ph\u00e2n ph\u1ed1i. \u2013 S\u1ea3n ph\u1ea9m b\u1ecb l\u1ed7i k\u1ef9 thu\u1eadt do Nh\u00e0 s\u1ea3n xu\u1ea5t. \u2013 [...]Read More...","og_url":"https:\/\/ppp.com.vn\/en\/warranty-policy\/","og_site_name":"PPP Laser Clinic","article_publisher":"https:\/\/www.facebook.com\/ppp.com.vn","twitter_card":"summary_large_image","twitter_site":"@PPPLaserClinic","twitter_misc":{"Estimated reading time":"3 minutes"},"schema":{"@context":"https:\/\/schema.org","@graph":[{"@type":"WebPage","@id":"https:\/\/ppp.com.vn\/en\/warranty-policy\/","url":"https:\/\/ppp.com.vn\/en\/warranty-policy\/","name":"Warranty Policy | PPP Laser Clinic","isPartOf":{"@id":"https:\/\/ppp.com.vn\/en\/#website"},"datePublished":"2021-06-01T06:48:03+00:00","inLanguage":"en-GB","potentialAction":[{"@type":"ReadAction","target":["https:\/\/ppp.com.vn\/en\/warranty-policy\/"]}]},{"@type":"WebSite","@id":"https:\/\/ppp.com.vn\/en\/#website","url":"https:\/\/ppp.com.vn\/en\/","name":"PPP Laser Clinic","description":"PPP Laser Clinic","publisher":{"@id":"https:\/\/ppp.com.vn\/en\/#organization"},"potentialAction":[{"@type":"SearchAction","target":{"@type":"EntryPoint","urlTemplate":"https:\/\/ppp.com.vn\/en\/?s={search_term_string}"},"query-input":{"@type":"PropertyValueSpecification","valueRequired":true,"valueName":"search_term_string"}}],"inLanguage":"en-GB"},{"@type":"Organization","@id":"https:\/\/ppp.com.vn\/en\/#organization","name":"PPP Laser Clinic","url":"https:\/\/ppp.com.vn\/en\/","logo":{"@type":"ImageObject","inLanguage":"en-GB","@id":"https:\/\/ppp.com.vn\/en\/#\/schema\/logo\/image\/","url":"https:\/\/ppp.com.vn\/en\/wp-content\/uploads\/2020\/10\/ppp-logo.png","contentUrl":"https:\/\/ppp.com.vn\/en\/wp-content\/uploads\/2020\/10\/ppp-logo.png","width":80,"height":80,"caption":"PPP Laser Clinic"},"image":{"@id":"https:\/\/ppp.com.vn\/en\/#\/schema\/logo\/image\/"},"sameAs":["https:\/\/www.facebook.com\/ppp.com.vn","https:\/\/x.com\/PPPLaserClinic","https:\/\/www.instagram.com\/ppp_laser_clinic\/"]}]}},"_links":{"self":[{"href":"https:\/\/ppp.com.vn\/en\/wp-json\/wp\/v2\/pages\/3638","targetHints":{"allow":["GET"]}}],"collection":[{"href":"https:\/\/ppp.com.vn\/en\/wp-json\/wp\/v2\/pages"}],"about":[{"href":"https:\/\/ppp.com.vn\/en\/wp-json\/wp\/v2\/types\/page"}],"author":[{"embeddable":true,"href":"https:\/\/ppp.com.vn\/en\/wp-json\/wp\/v2\/users\/3"}],"replies":[{"embeddable":true,"href":"https:\/\/ppp.com.vn\/en\/wp-json\/wp\/v2\/comments?post=3638"}],"version-history":[{"count":1,"href":"https:\/\/ppp.com.vn\/en\/wp-json\/wp\/v2\/pages\/3638\/revisions"}],"predecessor-version":[{"id":3639,"href":"https:\/\/ppp.com.vn\/en\/wp-json\/wp\/v2\/pages\/3638\/revisions\/3639"}],"wp:attachment":[{"href":"https:\/\/ppp.com.vn\/en\/wp-json\/wp\/v2\/media?parent=3638"}],"curies":[{"name":"wp","href":"https:\/\/api.w.org\/{rel}","templated":true}]}}